{"id":486,"date":"2023-01-05T13:34:04","date_gmt":"2023-01-05T13:34:04","guid":{"rendered":"https:\/\/huvikoolid.mulgivald.ee\/abja-muusikakool\/?page_id=486"},"modified":"2024-11-19T22:07:18","modified_gmt":"2024-11-19T20:07:18","slug":"oppemaks","status":"publish","type":"page","link":"https:\/\/huvikoolid.mulgivald.ee\/abja-muusikakool\/oppemaks\/","title":{"rendered":"\u00d5ppemaks"},"content":{"rendered":"\t\t<div data-elementor-type=\"wp-page\" data-elementor-id=\"486\" class=\"elementor elementor-486\" data-elementor-settings=\"{&quot;ha_cmc_init_switcher&quot;:&quot;no&quot;}\" data-elementor-post-type=\"page\">\n\t\t\t\t\t\t<section class=\"elementor-section elementor-top-section elementor-element elementor-element-b4cffb5 elementor-section-full_width elementor-section-height-default elementor-section-height-default\" data-id=\"b4cffb5\" data-element_type=\"section\" data-e-type=\"section\" data-settings=\"{&quot;jet_parallax_layout_list&quot;:[]}\">\n\t\t\t\t\t\t<div class=\"elementor-container elementor-column-gap-no\">\n\t\t\t\t\t<div class=\"elementor-column elementor-col-50 elementor-top-column elementor-element elementor-element-1ac1742\" data-id=\"1ac1742\" data-element_type=\"column\" data-e-type=\"column\" data-settings=\"{&quot;background_background&quot;:&quot;classic&quot;}\">\n\t\t\t<div class=\"elementor-widget-wrap elementor-element-populated\">\n\t\t\t\t\t<div class=\"elementor-background-overlay\"><\/div>\n\t\t\t\t\t\t<section class=\"elementor-section elementor-inner-section elementor-element elementor-element-10d4d99 elementor-section-height-min-height elementor-section-boxed elementor-section-height-default\" data-id=\"10d4d99\" data-element_type=\"section\" data-e-type=\"section\" data-settings=\"{&quot;jet_parallax_layout_list&quot;:[]}\">\n\t\t\t\t\t\t<div class=\"elementor-container elementor-column-gap-default\">\n\t\t\t\t\t<div class=\"elementor-column elementor-col-100 elementor-inner-column elementor-element elementor-element-6474901\" data-id=\"6474901\" data-element_type=\"column\" data-e-type=\"column\">\n\t\t\t<div class=\"elementor-widget-wrap elementor-element-populated\">\n\t\t\t\t\t\t<div class=\"elementor-element elementor-element-4ef9bff elementor-widget elementor-widget-heading\" data-id=\"4ef9bff\" data-element_type=\"widget\" data-e-type=\"widget\" data-widget_type=\"heading.default\">\n\t\t\t\t<div class=\"elementor-widget-container\">\n\t\t\t\t\t<h2 class=\"elementor-heading-title elementor-size-default\">\u00d5ppemaks<\/h2>\t\t\t\t<\/div>\n\t\t\t\t<\/div>\n\t\t\t\t\t<\/div>\n\t\t<\/div>\n\t\t\t\t\t<\/div>\n\t\t<\/section>\n\t\t\t\t\t<\/div>\n\t\t<\/div>\n\t\t\t\t<div class=\"elementor-column elementor-col-50 elementor-top-column elementor-element elementor-element-799ebb9\" data-id=\"799ebb9\" data-element_type=\"column\" data-e-type=\"column\">\n\t\t\t<div class=\"elementor-widget-wrap elementor-element-populated\">\n\t\t\t\t\t\t<section class=\"elementor-section elementor-inner-section elementor-element elementor-element-cdc46fe elementor-section-boxed elementor-section-height-default elementor-section-height-default\" data-id=\"cdc46fe\" data-element_type=\"section\" data-e-type=\"section\" data-settings=\"{&quot;jet_parallax_layout_list&quot;:[]}\">\n\t\t\t\t\t\t<div class=\"elementor-container elementor-column-gap-default\">\n\t\t\t\t\t<div class=\"elementor-column elementor-col-100 elementor-inner-column elementor-element elementor-element-79a9399\" data-id=\"79a9399\" data-element_type=\"column\" data-e-type=\"column\">\n\t\t\t<div class=\"elementor-widget-wrap elementor-element-populated\">\n\t\t\t\t\t\t<div class=\"elementor-element elementor-element-d23facf elementor-widget elementor-widget-text-editor\" data-id=\"d23facf\" data-element_type=\"widget\" data-e-type=\"widget\" data-widget_type=\"text-editor.default\">\n\t\t\t\t<div class=\"elementor-widget-container\">\n\t\t\t\t\t\t\t\t\t<p>Abja Vallavalitsuse m\u00e4\u00e4rusega 13.12.2022 nr.3 kinnitati alates 01.01. 2023 Abja Muusikakooli lapsevanemateosalustasu suuruseks 30.00 \u20ac (eelkool 15.00, lisaaste 30.-) kuus.<\/p>\t\t\t\t\t\t\t\t<\/div>\n\t\t\t\t<\/div>\n\t\t\t\t\t<\/div>\n\t\t<\/div>\n\t\t\t\t\t<\/div>\n\t\t<\/section>\n\t\t\t\t\t<\/div>\n\t\t<\/div>\n\t\t\t\t\t<\/div>\n\t\t<\/section>\n\t\t\t\t<\/div>\n\t\t","protected":false},"excerpt":{"rendered":"<p>\u00d5ppemaks Abja Vallavalitsuse m\u00e4\u00e4rusega 13.12.2022 nr.3 kinnitati alates 01.01. 2023 Abja Muusikakooli lapsevanemateosalustasu suuruseks 30.00 \u20ac (eelkool 15.00, lisaaste 30.-) kuus.<\/p>\n","protected":false},"author":2,"featured_media":0,"parent":0,"menu_order":0,"comment_status":"closed","ping_status":"closed","template":"elementor_header_footer","meta":{"footnotes":""},"class_list":["post-486","page","type-page","status-publish","hentry"],"yoast_head":"<!-- This site is optimized with the Yoast SEO plugin v27.3 - https:\/\/yoast.com\/product\/yoast-seo-wordpress\/ -->\n<title>\u00d5ppemaks - Abja Muusikakool<\/title>\n<meta name=\"robots\" content=\"index, follow, max-snippet:-1, max-image-preview:large, max-video-preview:-1\" \/>\n<link rel=\"canonical\" href=\"https:\/\/huvikoolid.mulgivald.ee\/abja-muusikakool\/oppemaks\/\" \/>\n<meta property=\"og:locale\" content=\"et_EE\" \/>\n<meta property=\"og:type\" content=\"article\" \/>\n<meta property=\"og:title\" content=\"\u00d5ppemaks - Abja Muusikakool\" \/>\n<meta property=\"og:description\" content=\"\u00d5ppemaks Abja Vallavalitsuse m\u00e4\u00e4rusega 13.12.2022 nr.3 kinnitati alates 01.01. 2023 Abja Muusikakooli lapsevanemateosalustasu suuruseks 30.00 \u20ac (eelkool 15.00, lisaaste 30.-) kuus.\" \/>\n<meta property=\"og:url\" content=\"https:\/\/huvikoolid.mulgivald.ee\/abja-muusikakool\/oppemaks\/\" \/>\n<meta property=\"og:site_name\" content=\"Abja Muusikakool\" \/>\n<meta property=\"article:modified_time\" content=\"2024-11-19T20:07:18+00:00\" \/>\n<meta name=\"twitter:card\" content=\"summary_large_image\" \/>\n<meta name=\"twitter:label1\" content=\"Est. reading time\" \/>\n\t<meta name=\"twitter:data1\" content=\"1 minut\" \/>\n<script type=\"application\/ld+json\" class=\"yoast-schema-graph\">{\"@context\":\"https:\\\/\\\/schema.org\",\"@graph\":[{\"@type\":\"WebPage\",\"@id\":\"https:\\\/\\\/huvikoolid.mulgivald.ee\\\/abja-muusikakool\\\/oppemaks\\\/\",\"url\":\"https:\\\/\\\/huvikoolid.mulgivald.ee\\\/abja-muusikakool\\\/oppemaks\\\/\",\"name\":\"\u00d5ppemaks - Abja Muusikakool\",\"isPartOf\":{\"@id\":\"https:\\\/\\\/huvikoolid.mulgivald.ee\\\/abja-muusikakool\\\/#website\"},\"datePublished\":\"2023-01-05T13:34:04+00:00\",\"dateModified\":\"2024-11-19T20:07:18+00:00\",\"breadcrumb\":{\"@id\":\"https:\\\/\\\/huvikoolid.mulgivald.ee\\\/abja-muusikakool\\\/oppemaks\\\/#breadcrumb\"},\"inLanguage\":\"et\",\"potentialAction\":[{\"@type\":\"ReadAction\",\"target\":[\"https:\\\/\\\/huvikoolid.mulgivald.ee\\\/abja-muusikakool\\\/oppemaks\\\/\"]}]},{\"@type\":\"BreadcrumbList\",\"@id\":\"https:\\\/\\\/huvikoolid.mulgivald.ee\\\/abja-muusikakool\\\/oppemaks\\\/#breadcrumb\",\"itemListElement\":[{\"@type\":\"ListItem\",\"position\":1,\"name\":\"Home\",\"item\":\"https:\\\/\\\/huvikoolid.mulgivald.ee\\\/abja-muusikakool\\\/\"},{\"@type\":\"ListItem\",\"position\":2,\"name\":\"\u00d5ppemaks\"}]},{\"@type\":\"WebSite\",\"@id\":\"https:\\\/\\\/huvikoolid.mulgivald.ee\\\/abja-muusikakool\\\/#website\",\"url\":\"https:\\\/\\\/huvikoolid.mulgivald.ee\\\/abja-muusikakool\\\/\",\"name\":\"Mulgi valla huvikoolid\",\"description\":\"Muusikakool Abja-Paluojas\",\"potentialAction\":[{\"@type\":\"SearchAction\",\"target\":{\"@type\":\"EntryPoint\",\"urlTemplate\":\"https:\\\/\\\/huvikoolid.mulgivald.ee\\\/abja-muusikakool\\\/?s={search_term_string}\"},\"query-input\":{\"@type\":\"PropertyValueSpecification\",\"valueRequired\":true,\"valueName\":\"search_term_string\"}}],\"inLanguage\":\"et\"}]}<\/script>\n<!-- \/ Yoast SEO plugin. -->","yoast_head_json":{"title":"\u00d5ppemaks - Abja Muusikakool","robots":{"index":"index","follow":"follow","max-snippet":"max-snippet:-1","max-image-preview":"max-image-preview:large","max-video-preview":"max-video-preview:-1"},"canonical":"https:\/\/huvikoolid.mulgivald.ee\/abja-muusikakool\/oppemaks\/","og_locale":"et_EE","og_type":"article","og_title":"\u00d5ppemaks - Abja Muusikakool","og_description":"\u00d5ppemaks Abja Vallavalitsuse m\u00e4\u00e4rusega 13.12.2022 nr.3 kinnitati alates 01.01. 2023 Abja Muusikakooli lapsevanemateosalustasu suuruseks 30.00 \u20ac (eelkool 15.00, lisaaste 30.-) kuus.","og_url":"https:\/\/huvikoolid.mulgivald.ee\/abja-muusikakool\/oppemaks\/","og_site_name":"Abja Muusikakool","article_modified_time":"2024-11-19T20:07:18+00:00","twitter_card":"summary_large_image","twitter_misc":{"Est. reading time":"1 minut"},"schema":{"@context":"https:\/\/schema.org","@graph":[{"@type":"WebPage","@id":"https:\/\/huvikoolid.mulgivald.ee\/abja-muusikakool\/oppemaks\/","url":"https:\/\/huvikoolid.mulgivald.ee\/abja-muusikakool\/oppemaks\/","name":"\u00d5ppemaks - Abja Muusikakool","isPartOf":{"@id":"https:\/\/huvikoolid.mulgivald.ee\/abja-muusikakool\/#website"},"datePublished":"2023-01-05T13:34:04+00:00","dateModified":"2024-11-19T20:07:18+00:00","breadcrumb":{"@id":"https:\/\/huvikoolid.mulgivald.ee\/abja-muusikakool\/oppemaks\/#breadcrumb"},"inLanguage":"et","potentialAction":[{"@type":"ReadAction","target":["https:\/\/huvikoolid.mulgivald.ee\/abja-muusikakool\/oppemaks\/"]}]},{"@type":"BreadcrumbList","@id":"https:\/\/huvikoolid.mulgivald.ee\/abja-muusikakool\/oppemaks\/#breadcrumb","itemListElement":[{"@type":"ListItem","position":1,"name":"Home","item":"https:\/\/huvikoolid.mulgivald.ee\/abja-muusikakool\/"},{"@type":"ListItem","position":2,"name":"\u00d5ppemaks"}]},{"@type":"WebSite","@id":"https:\/\/huvikoolid.mulgivald.ee\/abja-muusikakool\/#website","url":"https:\/\/huvikoolid.mulgivald.ee\/abja-muusikakool\/","name":"Mulgi valla huvikoolid","description":"Muusikakool Abja-Paluojas","potentialAction":[{"@type":"SearchAction","target":{"@type":"EntryPoint","urlTemplate":"https:\/\/huvikoolid.mulgivald.ee\/abja-muusikakool\/?s={search_term_string}"},"query-input":{"@type":"PropertyValueSpecification","valueRequired":true,"valueName":"search_term_string"}}],"inLanguage":"et"}]}},"_links":{"self":[{"href":"https:\/\/huvikoolid.mulgivald.ee\/abja-muusikakool\/wp-json\/wp\/v2\/pages\/486","targetHints":{"allow":["GET"]}}],"collection":[{"href":"https:\/\/huvikoolid.mulgivald.ee\/abja-muusikakool\/wp-json\/wp\/v2\/pages"}],"about":[{"href":"https:\/\/huvikoolid.mulgivald.ee\/abja-muusikakool\/wp-json\/wp\/v2\/types\/page"}],"author":[{"embeddable":true,"href":"https:\/\/huvikoolid.mulgivald.ee\/abja-muusikakool\/wp-json\/wp\/v2\/users\/2"}],"replies":[{"embeddable":true,"href":"https:\/\/huvikoolid.mulgivald.ee\/abja-muusikakool\/wp-json\/wp\/v2\/comments?post=486"}],"version-history":[{"count":29,"href":"https:\/\/huvikoolid.mulgivald.ee\/abja-muusikakool\/wp-json\/wp\/v2\/pages\/486\/revisions"}],"predecessor-version":[{"id":2661,"href":"https:\/\/huvikoolid.mulgivald.ee\/abja-muusikakool\/wp-json\/wp\/v2\/pages\/486\/revisions\/2661"}],"wp:attachment":[{"href":"https:\/\/huvikoolid.mulgivald.ee\/abja-muusikakool\/wp-json\/wp\/v2\/media?parent=486"}],"curies":[{"name":"wp","href":"https:\/\/api.w.org\/{rel}","templated":true}]}}