{"id":1267,"date":"2023-01-17T09:50:55","date_gmt":"2023-01-17T09:50:55","guid":{"rendered":"https:\/\/huvikoolid.mulgivald.ee\/karksi-nuia-muusikakool\/?page_id=1267"},"modified":"2024-11-20T13:22:33","modified_gmt":"2024-11-20T11:22:33","slug":"karksi-nuia-muusikakoolis-tootanud-opetajad","status":"publish","type":"page","link":"https:\/\/huvikoolid.mulgivald.ee\/karksi-nuia-muusikakool\/karksi-nuia-muusikakoolis-tootanud-opetajad\/","title":{"rendered":"Karksi-Nuia Muusikakoolis T\u00f6\u00f6tanud \u00d5petajad"},"content":{"rendered":"\t\t<div data-elementor-type=\"wp-page\" data-elementor-id=\"1267\" class=\"elementor elementor-1267\" data-elementor-settings=\"{&quot;ha_cmc_init_switcher&quot;:&quot;no&quot;}\" data-elementor-post-type=\"page\">\n\t\t\t\t\t\t<section class=\"elementor-section elementor-top-section elementor-element elementor-element-667b5ab elementor-section-boxed elementor-section-height-default elementor-section-height-default\" data-id=\"667b5ab\" data-element_type=\"section\" data-e-type=\"section\" data-settings=\"{&quot;background_background&quot;:&quot;classic&quot;,&quot;jet_parallax_layout_list&quot;:[]}\">\n\t\t\t\t\t\t\t<div class=\"elementor-background-overlay\"><\/div>\n\t\t\t\t\t\t\t<div class=\"elementor-container elementor-column-gap-default\">\n\t\t\t\t\t<div class=\"elementor-column elementor-col-100 elementor-top-column elementor-element elementor-element-5184c51\" data-id=\"5184c51\" data-element_type=\"column\" data-e-type=\"column\">\n\t\t\t<div class=\"elementor-widget-wrap elementor-element-populated\">\n\t\t\t\t\t\t<div class=\"elementor-element elementor-element-ab7a0f3 elementor-invisible elementor-widget elementor-widget-heading\" data-id=\"ab7a0f3\" data-element_type=\"widget\" data-e-type=\"widget\" data-settings=\"{&quot;_animation_delay&quot;:&quot;200&quot;,&quot;_animation&quot;:&quot;fadeInUp&quot;}\" data-widget_type=\"heading.default\">\n\t\t\t\t<div class=\"elementor-widget-container\">\n\t\t\t\t\t<h1 class=\"elementor-heading-title elementor-size-default\">Karksi-Nuia Muusikakoolis t\u00f6\u00f6tanud \u00f5petajate nimekiri<\/h1>\t\t\t\t<\/div>\n\t\t\t\t<\/div>\n\t\t\t\t\t<\/div>\n\t\t<\/div>\n\t\t\t\t\t<\/div>\n\t\t<\/section>\n\t\t\t\t<section class=\"elementor-section elementor-top-section elementor-element elementor-element-29744de elementor-section-boxed elementor-section-height-default elementor-section-height-default\" data-id=\"29744de\" data-element_type=\"section\" data-e-type=\"section\" data-settings=\"{&quot;jet_parallax_layout_list&quot;:[]}\">\n\t\t\t\t\t\t<div class=\"elementor-container elementor-column-gap-default\">\n\t\t\t\t\t<div class=\"elementor-column elementor-col-100 elementor-top-column elementor-element elementor-element-5010843\" data-id=\"5010843\" data-element_type=\"column\" data-e-type=\"column\">\n\t\t\t<div class=\"elementor-widget-wrap elementor-element-populated\">\n\t\t\t\t\t\t<div class=\"elementor-element elementor-element-f83c8ca elementor-widget elementor-widget-text-editor\" data-id=\"f83c8ca\" data-element_type=\"widget\" data-e-type=\"widget\" data-widget_type=\"text-editor.default\">\n\t\t\t\t<div class=\"elementor-widget-container\">\n\t\t\t\t\t\t\t\t\t<table dir=\"ltr\" border=\"1\" cellspacing=\"0\" cellpadding=\"0\" data-sheets-root=\"1\" data-sheets-baot=\"1\"><colgroup><col width=\"97\" \/><col width=\"137\" \/><col width=\"123\" \/><\/colgroup><tbody><tr><td>NIMI<\/td><td>ERIALA<\/td><td>T\u00d6\u00d6TAMISE AEG<\/td><\/tr><tr><td>Ringa Vaiksaar<\/td><td>Viiul<\/td><td>Testt\u00f6\u00f6tamise-aeg<\/td><\/tr><tr><td>Merike R\u00fcdiger<\/td><td>Akordion<\/td><td>Testt\u00f6\u00f6tamise-aeg2<\/td><\/tr><tr><td>\u00dclle Holmqvist<\/td><td>Klaver, solfed\u017eo<\/td><td>\u00a0<\/td><\/tr><tr><td>Heidi \u00d6\u00f6vel<\/td><td>Kannel<\/td><td>\u00a0<\/td><\/tr><tr><td>Merli M\u00e4ev\u00e4lja<\/td><td>Muusikalugu, eelklass<\/td><td>\u00a0<\/td><\/tr><tr><td>Riina Kogan<\/td><td>Puhkpill<\/td><td>\u00a0<\/td><\/tr><tr><td>Anton Kogan<\/td><td>Puhkpill, l\u00f6\u00f6kpill<\/td><td>\u00a0<\/td><\/tr><tr><td>Martin Aulis<\/td><td>L\u00f6\u00f6kpill<\/td><td>\u00a0<\/td><\/tr><tr><td>Siim Petser<\/td><td>Kitarr<\/td><td>\u00a0<\/td><\/tr><tr><td>Anne Gomaa<\/td><td>Solfed\u017eo, laul<\/td><td>\u00a0<\/td><\/tr><tr><td>Ivi-Heljo Harju<\/td><td>Kontsertmeister<\/td><td>\u00a0<\/td><\/tr><tr><td>Olev Raal<\/td><td>Klaver<\/td><td>\u00a0<\/td><\/tr><\/tbody><\/table>\t\t\t\t\t\t\t\t<\/div>\n\t\t\t\t<\/div>\n\t\t\t\t\t<\/div>\n\t\t<\/div>\n\t\t\t\t\t<\/div>\n\t\t<\/section>\n\t\t\t\t<\/div>\n\t\t","protected":false},"excerpt":{"rendered":"<p>Karksi-Nuia Muusikakoolis t\u00f6\u00f6tanud \u00f5petajate nimekiri NIMI ERIALA T\u00d6\u00d6TAMISE AEG Ringa Vaiksaar Viiul Testt\u00f6\u00f6tamise-aeg Merike R\u00fcdiger Akordion Testt\u00f6\u00f6tamise-aeg2 \u00dclle Holmqvist Klaver, solfed\u017eo Heidi \u00d6\u00f6vel Kannel Merli M\u00e4ev\u00e4lja Muusikalugu, eelklass Riina Kogan Puhkpill Anton Kogan Puhkpill, l\u00f6\u00f6kpill Martin Aulis L\u00f6\u00f6kpill Siim Petser Kitarr Anne Gomaa Solfed\u017eo, laul Ivi-Heljo Harju Kontsertmeister Olev Raal Klaver<\/p>\n","protected":false},"author":2,"featured_media":0,"parent":0,"menu_order":0,"comment_status":"closed","ping_status":"closed","template":"elementor_header_footer","meta":{"footnotes":""},"class_list":["post-1267","page","type-page","status-publish","hentry"],"yoast_head":"<!-- This site is optimized with the Yoast SEO plugin v27.3 - https:\/\/yoast.com\/product\/yoast-seo-wordpress\/ -->\n<title>Karksi-Nuia Muusikakoolis T\u00f6\u00f6tanud \u00d5petajad - Karksi-Nuia Muusikakool<\/title>\n<meta name=\"robots\" content=\"index, follow, max-snippet:-1, max-image-preview:large, max-video-preview:-1\" \/>\n<link rel=\"canonical\" href=\"https:\/\/huvikoolid.mulgivald.ee\/karksi-nuia-muusikakool\/karksi-nuia-muusikakoolis-tootanud-opetajad\/\" \/>\n<meta property=\"og:locale\" content=\"en_US\" \/>\n<meta property=\"og:type\" content=\"article\" \/>\n<meta property=\"og:title\" content=\"Karksi-Nuia Muusikakoolis T\u00f6\u00f6tanud \u00d5petajad - Karksi-Nuia Muusikakool\" \/>\n<meta property=\"og:description\" content=\"Karksi-Nuia Muusikakoolis t\u00f6\u00f6tanud \u00f5petajate nimekiri NIMI ERIALA T\u00d6\u00d6TAMISE AEG Ringa Vaiksaar Viiul Testt\u00f6\u00f6tamise-aeg Merike R\u00fcdiger Akordion Testt\u00f6\u00f6tamise-aeg2 \u00dclle Holmqvist Klaver, solfed\u017eo Heidi \u00d6\u00f6vel Kannel Merli M\u00e4ev\u00e4lja Muusikalugu, eelklass Riina Kogan Puhkpill Anton Kogan Puhkpill, l\u00f6\u00f6kpill Martin Aulis L\u00f6\u00f6kpill Siim Petser Kitarr Anne Gomaa Solfed\u017eo, laul Ivi-Heljo Harju Kontsertmeister Olev Raal Klaver\" \/>\n<meta property=\"og:url\" content=\"https:\/\/huvikoolid.mulgivald.ee\/karksi-nuia-muusikakool\/karksi-nuia-muusikakoolis-tootanud-opetajad\/\" \/>\n<meta property=\"og:site_name\" content=\"Karksi-Nuia Muusikakool\" \/>\n<meta property=\"article:modified_time\" content=\"2024-11-20T11:22:33+00:00\" \/>\n<meta name=\"twitter:card\" content=\"summary_large_image\" \/>\n<meta name=\"twitter:label1\" content=\"Est. reading time\" \/>\n\t<meta name=\"twitter:data1\" content=\"1 minute\" \/>\n<script type=\"application\/ld+json\" class=\"yoast-schema-graph\">{\"@context\":\"https:\\\/\\\/schema.org\",\"@graph\":[{\"@type\":\"WebPage\",\"@id\":\"https:\\\/\\\/huvikoolid.mulgivald.ee\\\/karksi-nuia-muusikakool\\\/karksi-nuia-muusikakoolis-tootanud-opetajad\\\/\",\"url\":\"https:\\\/\\\/huvikoolid.mulgivald.ee\\\/karksi-nuia-muusikakool\\\/karksi-nuia-muusikakoolis-tootanud-opetajad\\\/\",\"name\":\"Karksi-Nuia Muusikakoolis T\u00f6\u00f6tanud \u00d5petajad - Karksi-Nuia Muusikakool\",\"isPartOf\":{\"@id\":\"https:\\\/\\\/huvikoolid.mulgivald.ee\\\/karksi-nuia-muusikakool\\\/#website\"},\"datePublished\":\"2023-01-17T09:50:55+00:00\",\"dateModified\":\"2024-11-20T11:22:33+00:00\",\"breadcrumb\":{\"@id\":\"https:\\\/\\\/huvikoolid.mulgivald.ee\\\/karksi-nuia-muusikakool\\\/karksi-nuia-muusikakoolis-tootanud-opetajad\\\/#breadcrumb\"},\"inLanguage\":\"en\",\"potentialAction\":[{\"@type\":\"ReadAction\",\"target\":[\"https:\\\/\\\/huvikoolid.mulgivald.ee\\\/karksi-nuia-muusikakool\\\/karksi-nuia-muusikakoolis-tootanud-opetajad\\\/\"]}]},{\"@type\":\"BreadcrumbList\",\"@id\":\"https:\\\/\\\/huvikoolid.mulgivald.ee\\\/karksi-nuia-muusikakool\\\/karksi-nuia-muusikakoolis-tootanud-opetajad\\\/#breadcrumb\",\"itemListElement\":[{\"@type\":\"ListItem\",\"position\":1,\"name\":\"Home\",\"item\":\"https:\\\/\\\/huvikoolid.mulgivald.ee\\\/karksi-nuia-muusikakool\\\/\"},{\"@type\":\"ListItem\",\"position\":2,\"name\":\"Karksi-Nuia Muusikakoolis T\u00f6\u00f6tanud \u00d5petajad\"}]},{\"@type\":\"WebSite\",\"@id\":\"https:\\\/\\\/huvikoolid.mulgivald.ee\\\/karksi-nuia-muusikakool\\\/#website\",\"url\":\"https:\\\/\\\/huvikoolid.mulgivald.ee\\\/karksi-nuia-muusikakool\\\/\",\"name\":\"Mulgi valla huvikoolid\",\"description\":\"Muusikakool Karks-Nuias\",\"potentialAction\":[{\"@type\":\"SearchAction\",\"target\":{\"@type\":\"EntryPoint\",\"urlTemplate\":\"https:\\\/\\\/huvikoolid.mulgivald.ee\\\/karksi-nuia-muusikakool\\\/?s={search_term_string}\"},\"query-input\":{\"@type\":\"PropertyValueSpecification\",\"valueRequired\":true,\"valueName\":\"search_term_string\"}}],\"inLanguage\":\"en\"}]}<\/script>\n<!-- \/ Yoast SEO plugin. -->","yoast_head_json":{"title":"Karksi-Nuia Muusikakoolis T\u00f6\u00f6tanud \u00d5petajad - Karksi-Nuia Muusikakool","robots":{"index":"index","follow":"follow","max-snippet":"max-snippet:-1","max-image-preview":"max-image-preview:large","max-video-preview":"max-video-preview:-1"},"canonical":"https:\/\/huvikoolid.mulgivald.ee\/karksi-nuia-muusikakool\/karksi-nuia-muusikakoolis-tootanud-opetajad\/","og_locale":"en_US","og_type":"article","og_title":"Karksi-Nuia Muusikakoolis T\u00f6\u00f6tanud \u00d5petajad - Karksi-Nuia Muusikakool","og_description":"Karksi-Nuia Muusikakoolis t\u00f6\u00f6tanud \u00f5petajate nimekiri NIMI ERIALA T\u00d6\u00d6TAMISE AEG Ringa Vaiksaar Viiul Testt\u00f6\u00f6tamise-aeg Merike R\u00fcdiger Akordion Testt\u00f6\u00f6tamise-aeg2 \u00dclle Holmqvist Klaver, solfed\u017eo Heidi \u00d6\u00f6vel Kannel Merli M\u00e4ev\u00e4lja Muusikalugu, eelklass Riina Kogan Puhkpill Anton Kogan Puhkpill, l\u00f6\u00f6kpill Martin Aulis L\u00f6\u00f6kpill Siim Petser Kitarr Anne Gomaa Solfed\u017eo, laul Ivi-Heljo Harju Kontsertmeister Olev Raal Klaver","og_url":"https:\/\/huvikoolid.mulgivald.ee\/karksi-nuia-muusikakool\/karksi-nuia-muusikakoolis-tootanud-opetajad\/","og_site_name":"Karksi-Nuia Muusikakool","article_modified_time":"2024-11-20T11:22:33+00:00","twitter_card":"summary_large_image","twitter_misc":{"Est. reading time":"1 minute"},"schema":{"@context":"https:\/\/schema.org","@graph":[{"@type":"WebPage","@id":"https:\/\/huvikoolid.mulgivald.ee\/karksi-nuia-muusikakool\/karksi-nuia-muusikakoolis-tootanud-opetajad\/","url":"https:\/\/huvikoolid.mulgivald.ee\/karksi-nuia-muusikakool\/karksi-nuia-muusikakoolis-tootanud-opetajad\/","name":"Karksi-Nuia Muusikakoolis T\u00f6\u00f6tanud \u00d5petajad - Karksi-Nuia Muusikakool","isPartOf":{"@id":"https:\/\/huvikoolid.mulgivald.ee\/karksi-nuia-muusikakool\/#website"},"datePublished":"2023-01-17T09:50:55+00:00","dateModified":"2024-11-20T11:22:33+00:00","breadcrumb":{"@id":"https:\/\/huvikoolid.mulgivald.ee\/karksi-nuia-muusikakool\/karksi-nuia-muusikakoolis-tootanud-opetajad\/#breadcrumb"},"inLanguage":"en","potentialAction":[{"@type":"ReadAction","target":["https:\/\/huvikoolid.mulgivald.ee\/karksi-nuia-muusikakool\/karksi-nuia-muusikakoolis-tootanud-opetajad\/"]}]},{"@type":"BreadcrumbList","@id":"https:\/\/huvikoolid.mulgivald.ee\/karksi-nuia-muusikakool\/karksi-nuia-muusikakoolis-tootanud-opetajad\/#breadcrumb","itemListElement":[{"@type":"ListItem","position":1,"name":"Home","item":"https:\/\/huvikoolid.mulgivald.ee\/karksi-nuia-muusikakool\/"},{"@type":"ListItem","position":2,"name":"Karksi-Nuia Muusikakoolis T\u00f6\u00f6tanud \u00d5petajad"}]},{"@type":"WebSite","@id":"https:\/\/huvikoolid.mulgivald.ee\/karksi-nuia-muusikakool\/#website","url":"https:\/\/huvikoolid.mulgivald.ee\/karksi-nuia-muusikakool\/","name":"Mulgi valla huvikoolid","description":"Muusikakool Karks-Nuias","potentialAction":[{"@type":"SearchAction","target":{"@type":"EntryPoint","urlTemplate":"https:\/\/huvikoolid.mulgivald.ee\/karksi-nuia-muusikakool\/?s={search_term_string}"},"query-input":{"@type":"PropertyValueSpecification","valueRequired":true,"valueName":"search_term_string"}}],"inLanguage":"en"}]}},"_links":{"self":[{"href":"https:\/\/huvikoolid.mulgivald.ee\/karksi-nuia-muusikakool\/wp-json\/wp\/v2\/pages\/1267","targetHints":{"allow":["GET"]}}],"collection":[{"href":"https:\/\/huvikoolid.mulgivald.ee\/karksi-nuia-muusikakool\/wp-json\/wp\/v2\/pages"}],"about":[{"href":"https:\/\/huvikoolid.mulgivald.ee\/karksi-nuia-muusikakool\/wp-json\/wp\/v2\/types\/page"}],"author":[{"embeddable":true,"href":"https:\/\/huvikoolid.mulgivald.ee\/karksi-nuia-muusikakool\/wp-json\/wp\/v2\/users\/2"}],"replies":[{"embeddable":true,"href":"https:\/\/huvikoolid.mulgivald.ee\/karksi-nuia-muusikakool\/wp-json\/wp\/v2\/comments?post=1267"}],"version-history":[{"count":8,"href":"https:\/\/huvikoolid.mulgivald.ee\/karksi-nuia-muusikakool\/wp-json\/wp\/v2\/pages\/1267\/revisions"}],"predecessor-version":[{"id":2637,"href":"https:\/\/huvikoolid.mulgivald.ee\/karksi-nuia-muusikakool\/wp-json\/wp\/v2\/pages\/1267\/revisions\/2637"}],"wp:attachment":[{"href":"https:\/\/huvikoolid.mulgivald.ee\/karksi-nuia-muusikakool\/wp-json\/wp\/v2\/media?parent=1267"}],"curies":[{"name":"wp","href":"https:\/\/api.w.org\/{rel}","templated":true}]}}